{"id":3409,"date":"2017-12-20T11:54:19","date_gmt":"2017-12-20T11:54:19","guid":{"rendered":"https:\/\/www.cultiudaqui.cat\/jordi-teixido-cultius\/"},"modified":"2017-12-21T12:53:54","modified_gmt":"2017-12-21T12:53:54","slug":"plantes-gel","status":"publish","type":"page","link":"https:\/\/www.cultiudaqui.cat\/es\/plantes-gel\/","title":{"rendered":"Plantes Gel"},"content":{"rendered":"<div class=\"wpb-content-wrapper\"><p>[vc_row][vc_column width=\u00bb1\/2&#8243;][vc_column_text]<\/p>\n\n\t\t\t<!-- START plantesgel REVOLUTION SLIDER 6.0.9 --><p class=\"rs-p-wp-fix\"><\/p>\n\t\t\t<rs-module-wrap id=\"rev_slider_17_1_wrapper\" data-source=\"gallery\" style=\"background:transparent;padding:0;margin:0px auto;margin-top:0;margin-bottom:0;max-width:\">\n\t\t\t\t<rs-module id=\"rev_slider_17_1\" style=\"display:none;\" data-version=\"6.0.9\">\n\t\t\t\t\t<rs-slides>\n\t\t\t\t\t\t<rs-slide data-key=\"rs-49\" data-title=\"PLANTES GEL\" data-thumb=\"\/\/www.cultiudaqui.cat\/wp-content\/uploads\/2016\/12\/Plantes-Gel-1-150x150.jpg\" data-anim=\"ei:d;eo:d;s:600;r:0;t:fade;sl:d;\">\n\t\t\t\t\t\t\t<img decoding=\"async\" src=\"\/\/www.cultiudaqui.cat\/wp-content\/uploads\/2016\/12\/Plantes-Gel-1.jpg\" title=\"Plantes Gel\" class=\"rev-slidebg\" data-no-retina>\n<!---->\t\t\t\t\t\t<\/rs-slide>\n\t\t\t\t\t\t<rs-slide data-key=\"rs-50\" data-title=\"PLANTES GEL\" data-thumb=\"\/\/www.cultiudaqui.cat\/wp-content\/uploads\/2016\/12\/Plantes-Gel-3-150x150.jpg\" data-anim=\"ei:d;eo:d;s:600;r:0;t:fade;sl:d;\">\n\t\t\t\t\t\t\t<img decoding=\"async\" src=\"\/\/www.cultiudaqui.cat\/wp-content\/uploads\/2016\/12\/Plantes-Gel-3.jpg\" title=\"Plantes Gel\" class=\"rev-slidebg\" data-no-retina>\n<!---->\t\t\t\t\t\t<\/rs-slide>\n\t\t\t\t\t\t<rs-slide data-key=\"rs-51\" data-title=\"PLANTES GEL\" data-thumb=\"\/\/www.cultiudaqui.cat\/wp-content\/uploads\/2016\/12\/Plantes-Gel-4-Gardenia-150x150.jpg\" data-anim=\"ei:d;eo:d;s:600;r:0;t:fade;sl:d;\">\n\t\t\t\t\t\t\t<img decoding=\"async\" src=\"\/\/www.cultiudaqui.cat\/wp-content\/uploads\/2016\/12\/Plantes-Gel-4-Gardenia.jpg\" title=\"Plantes Gel\" class=\"rev-slidebg\" data-no-retina>\n<!---->\t\t\t\t\t\t<\/rs-slide>\n\t\t\t\t\t<\/rs-slides>\n\t\t\t\t\t<rs-progress class=\"rs-bottom\" style=\"visibility: hidden !important;\"><\/rs-progress>\n\t\t\t\t<\/rs-module>\n\t\t\t\t<script type=\"text\/javascript\">\n\t\t\t\t\tsetREVStartSize({c: 'rev_slider_17_1',rl:[1240,1024,768,480],el:[],gw:[1240],gh:[868],layout:'fullwidth',thumbh:\"200\",mh:\"320\"});\n\t\t\t\t\tvar\trevapi17,\n\t\t\t\t\t\ttpj;\n\t\t\t\t\tjQuery(function() {\n\t\t\t\t\t\ttpj = jQuery;\n\t\t\t\t\t\tif(tpj(\"#rev_slider_17_1\").revolution == undefined){\n\t\t\t\t\t\t\trevslider_showDoubleJqueryError(\"#rev_slider_17_1\");\n\t\t\t\t\t\t}else{\n\t\t\t\t\t\t\trevapi17 = tpj(\"#rev_slider_17_1\").show().revolution({\n\t\t\t\t\t\t\t\tjsFileLocation:\"\/\/www.cultiudaqui.cat\/wp-content\/plugins\/revslider\/public\/assets\/js\/\",\n\t\t\t\t\t\t\t\tvisibilityLevels:\"1240,1024,768,480\",\n\t\t\t\t\t\t\t\tgridwidth:1240,\n\t\t\t\t\t\t\t\tgridheight:868,\n\t\t\t\t\t\t\t\tminHeight:320,\n\t\t\t\t\t\t\t\tspinner:\"spinner0\",\n\t\t\t\t\t\t\t\tresponsiveLevels:\"1240,1024,768,480\",\n\t\t\t\t\t\t\t\tdisableProgressBar:\"on\",\n\t\t\t\t\t\t\t\tnavigation: {\n\t\t\t\t\t\t\t\t\tmouseScrollNavigation:false,\n\t\t\t\t\t\t\t\t\tonHoverStop:false,\n\t\t\t\t\t\t\t\t\tthumbnails: {\n\t\t\t\t\t\t\t\t\t\tenable:true,\n\t\t\t\t\t\t\t\t\t\ttmp:\"<span class=\\\"tp-thumb-image\\\"><\/span><span class=\\\"tp-thumb-title\\\">{{title}}<\/span>\",\n\t\t\t\t\t\t\t\t\t\tstyle:\"hesperiden\",\n\t\t\t\t\t\t\t\t\t\tspace:15,\n\t\t\t\t\t\t\t\t\t\twidth:150,\n\t\t\t\t\t\t\t\t\t\theight:150,\n\t\t\t\t\t\t\t\t\t\tmin_width:150,\n\t\t\t\t\t\t\t\t\t\twrapper_padding:25,\n\t\t\t\t\t\t\t\t\t\twrapper_color:\"transparent\",\n\t\t\t\t\t\t\t\t\t\tspan:true,\n\t\t\t\t\t\t\t\t\t\tposition:\"outer-horizontal\"\n\t\t\t\t\t\t\t\t\t}\n\t\t\t\t\t\t\t\t},\n\t\t\t\t\t\t\t\tfallbacks: {\n\t\t\t\t\t\t\t\t\tallowHTML5AutoPlayOnAndroid:true\n\t\t\t\t\t\t\t\t},\n\t\t\t\t\t\t\t});\n\t\t\t\t\t\t}\n\t\t\t\t\t\t\n\t\t\t\t\t});\n\t\t\t\t<\/script>\n\t\t\t\t<script>\n\t\t\t\t\tvar htmlDivCss = unescape(\"%23rev_slider_17_1_wrapper%20.hesperiden%20.tp-thumb%20%7B%0A%20%20opacity%3A1%3B%0A%20%20-webkit-perspective%3A%20600px%3B%0A%20%20perspective%3A%20600px%3B%0A%7D%0A%23rev_slider_17_1_wrapper%20.hesperiden%20.tp-thumb%20.tp-thumb-title%20%7B%0A%20%20%20%20font-size%3A12px%3B%0A%20%20%20%20position%3Aabsolute%3B%0A%20%20%20%20margin-top%3A-10px%3B%0A%20%20%20%20color%3A%23ffffff%3B%0A%20%20%20%20display%3Ablock%3B%0A%20%20%20%20z-index%3A1000%3B%0A%20%20%20%20background-color%3Argba%280%2C0%2C0%2C0.85%29%3B%0A%20%20%20%20padding%3A5px%2010px%3B%20%0A%20%20%20%20bottom%3A0px%3B%0A%20%20%20%20left%3A0px%3B%0A%20%20%20%20width%3A100%25%3B%0A%20%20box-sizing%3Aborder-box%3B%0A%20%20%20%20text-align%3Acenter%3B%0A%20%20%20%20overflow%3Ahidden%3B%0A%20%20%20%20white-space%3Anowrap%3B%0A%20%20%20%20transition%3Aall%200.3s%3B%0A%20%20%20%20-webkit-transition%3Aall%200.3s%3B%0A%20%20%20%20transform%3Arotatex%2890deg%29%20translatez%280.001px%29%3B%0A%20%20%20%20transform-origin%3A50%25%20100%25%3B%0A%20%20%20%20-webkit-transform%3Arotatex%2890deg%29%20translatez%280.001px%29%3B%0A%20%20%20%20-webkit-transform-origin%3A50%25%20100%25%3B%0A%20%20%20%20opacity%3A0%3B%0A%20%7D%0A%23rev_slider_17_1_wrapper%20.hesperiden%20.tp-thumb%3Ahover%20.tp-thumb-title%20%7B%0A%20%20%09%20transform%3Arotatex%280deg%29%3B%0A%20%20%20%20-webkit-transform%3Arotatex%280deg%29%3B%0A%20%20%20%20opacity%3A1%3B%0A%7D%0A\");\n\t\t\t\t\tvar htmlDiv = document.getElementById('rs-plugin-settings-inline-css');\n\t\t\t\t\tif(htmlDiv) {\n\t\t\t\t\t\thtmlDiv.innerHTML = htmlDiv.innerHTML + htmlDivCss;\n\t\t\t\t\t}else{\n\t\t\t\t\t\tvar htmlDiv = document.createElement('div');\n\t\t\t\t\t\thtmlDiv.innerHTML = '<style>' + htmlDivCss + '<\/style>';\n\t\t\t\t\t\tdocument.getElementsByTagName('head')[0].appendChild(htmlDiv.childNodes[0]);\n\t\t\t\t\t}\n\t\t\t\t<\/script>\n\t\t\t<\/rs-module-wrap>\n\t\t\t<!-- END REVOLUTION SLIDER -->\n\n<p>[\/vc_column_text][\/vc_column][vc_column width=\u00bb1\/2&#8243;][vc_custom_heading text=\u00bbPLANTES GEL, S.L.\u00bb font_container=\u00bbtag:h1|text_align:left\u00bb][vc_column_text]<\/p>\n<p><strong>Planta<\/strong><br \/>\nPlantes Gel es una empresa familiar creada en 1975. En sus inicios se dedicaban a la producci\u00f3n de flores y plantas; especializ\u00e1ndose en 1980 en planta ornamental de interior. Actualmente producen planta con flor, planta verde y \u00e1rboles frutales. Entre sus productos destacan los rosales, hortensias, gardenias y azalea. La finca en la que est\u00e1n ubicados contiene 3 hect\u00e1reas dedicadas al cultivo y 15.000 m2 de invernadero.<\/p>\n<p>[\/vc_column_text][vc_column_text]<\/p>\n<p><span style=\"color: #e30613; font-size: 18px;\"><strong>PRODUCTOS:<\/strong><\/span><br \/>\n<strong>PLANTA:<\/strong> Hortensia, gardenia, rosa grandiflora, poinsettia, coles ornamental y crisantemo.<\/p>\n<p>[\/vc_column_text][vc_column_text]<\/p>\n<p><span style=\"color: #e30613; font-size: 18px;\"><strong>CONTACTO:<\/strong><\/span><br \/>\nMontserrat Gel Brugat<br \/>\n937 593 340 \/ 661 306 689<br \/>\nplantesgel@slave.net<\/p>\n<p>[\/vc_column_text][\/vc_column][\/vc_row]<\/p>\n<\/div>","protected":false},"excerpt":{"rendered":"<p>[vc_row][vc_column width=\u00bb1\/2&#8243;][vc_column_text] [\/vc_column_text][\/vc_column][vc_column width=\u00bb1\/2&#8243;][vc_custom_heading text=\u00bbPLANTES GEL, S.L.\u00bb font_container=\u00bbtag:h1|text_align:left\u00bb][vc_column_text] Planta Plantes Gel es una empresa familiar creada en 1975. En sus inicios se dedicaban a la producci\u00f3n de flores y plantas; especializ\u00e1ndose en 1980 en planta ornamental de interior. Actualmente producen planta con flor, planta verde y \u00e1rboles frutales. Entre sus productos destacan los rosales, hortensias, gardenias y azalea. La finca [&hellip;]<\/p>\n","protected":false},"author":1,"featured_media":0,"parent":0,"menu_order":0,"comment_status":"closed","ping_status":"closed","template":"","meta":{"footnotes":""},"class_list":["post-3409","page","type-page","status-publish","hentry"],"_links":{"self":[{"href":"https:\/\/www.cultiudaqui.cat\/es\/wp-json\/wp\/v2\/pages\/3409","targetHints":{"allow":["GET"]}}],"collection":[{"href":"https:\/\/www.cultiudaqui.cat\/es\/wp-json\/wp\/v2\/pages"}],"about":[{"href":"https:\/\/www.cultiudaqui.cat\/es\/wp-json\/wp\/v2\/types\/page"}],"author":[{"embeddable":true,"href":"https:\/\/www.cultiudaqui.cat\/es\/wp-json\/wp\/v2\/users\/1"}],"replies":[{"embeddable":true,"href":"https:\/\/www.cultiudaqui.cat\/es\/wp-json\/wp\/v2\/comments?post=3409"}],"version-history":[{"count":4,"href":"https:\/\/www.cultiudaqui.cat\/es\/wp-json\/wp\/v2\/pages\/3409\/revisions"}],"predecessor-version":[{"id":3496,"href":"https:\/\/www.cultiudaqui.cat\/es\/wp-json\/wp\/v2\/pages\/3409\/revisions\/3496"}],"wp:attachment":[{"href":"https:\/\/www.cultiudaqui.cat\/es\/wp-json\/wp\/v2\/media?parent=3409"}],"curies":[{"name":"wp","href":"https:\/\/api.w.org\/{rel}","templated":true}]}}