{"id":3136,"date":"2017-12-14T11:21:49","date_gmt":"2017-12-14T11:21:49","guid":{"rendered":"https:\/\/www.cultiudaqui.cat\/politica-de-privacidad\/"},"modified":"2017-12-18T10:57:24","modified_gmt":"2017-12-18T10:57:24","slug":"politica-de-privacidad","status":"publish","type":"page","link":"https:\/\/www.cultiudaqui.cat\/es\/politica-de-privacidad\/","title":{"rendered":"Pol\u00edtica de privacidad"},"content":{"rendered":"<p>MERCAT DE FLOR I PLANTA ORNAMENTAL DE CATALUNYA, Sociedad Agraria de Transformaci\u00f3n (SAT), con C.I.F V-08.834.830 e inscrita en el Departament de Agricultura, Ramaderia i Pesca de la Generalitat de Catalunya en virtud de lo dispuesto en el Decreto 111\/1985 del D.O.G.C., como responsable de este Sitio web y en conformidad con el que dispone la Ley Org\u00e1nica 15\/1999, de 13 de diciembre, de Protecci\u00f3n de Datos de Car\u00e1cter Personal (LOPD) y la Ley 34\/2002, de 11 de julio, de Servicios de la Sociedad de la Informaci\u00f3n y de Comercio Electr\u00f3nico (LSSICE), ha puesto en pr\u00e1ctica aquellas pol\u00edticas, medios y procedimientos t\u00e9cnicos y organizativos para garantizar y proteger la confidencialidad, integridad y disponibilidad de los datos de car\u00e1cter personal de sus usuarios. Estos datos ser\u00e1n tratados en un\/s fichero\/s debidamente inscrito\/s a la Agencia Espa\u00f1ola de Protecci\u00f3n de Datos, en conformidad con el que se establece en la legislaci\u00f3n vigente.<\/p>\n<p>En el supuesto de que los datos que tiene que facilitar el usuario sean necesarias para que el equipo de MERCAT DE FLOR I PLANTA ORNAMENTAL DE CATALUNYA (SAT) pueda y) responder las consultas, proporcionar informaciones requeridas por el usuario; ii) realizar toda aquella prestaci\u00f3n de servicios y\/o productos contratados o subscritos por el usuario; iii) proporcionar acceso al usuario a determinadas funcionalidades del Sitio web; o bien iv) realizar todas aquellas actividades propias de MERCAT DE FLOR I PLANTA ORNAMENTAL DE CATALUNYA (SAT) aqu\u00ed rese\u00f1adas, MERCAT DE FLOR I PLANTA ORNAMENTAL DE CATALUNYA (SAT)  informar\u00e1 de esta obligatoriedad al usuario, indic\u00e1ndole qu\u00e9 datos hay que cumplimentar necesariamente. Mediante la indicaci\u00f3n, facilitaci\u00f3n o introducci\u00f3n de estos datos y en conformidad con el que establece el art\u00edculo 6 de la L.O.P.D. el usuario otorga consentimiento inequ\u00edvoco a MERCAT DE FLOR I PLANTA ORNAMENTAL DE CATALUNYA (SAT) para que proceda al tratamiento de los datos suministrados en beneficio de las finalidades mencionadas anteriormente, as\u00ed como por el eventual env\u00edo de comunicaciones comerciales de MERCAT DE FLOR I PLANTA ORNAMENTAL DE CATALUNYA (SAT) que puedan ser del inter\u00e9s del usuario.<\/p>\n<p>La entidad responsable de la base de datos, as\u00ed como las personas que intervengan en cualquier fase del tratamiento y\/o las entidades a las cuales los hayan sido comunicadas -si se tercia y en virtud de la correspondiente autorizaci\u00f3n conferida por el usuario-, est\u00e1n obligadas a observar el secreto profesional y a adoptar los niveles de protecci\u00f3n y las medidas t\u00e9cnicas y organizativas a su alcance que garanticen la seguridad de los datos de car\u00e1cter personal, evitando, en la medida que se pueda, accesos no autorizados, modificaciones il\u00edcitas, sustracciones y\/o la p\u00e9rdida de los datos, con objeto de procurar el correspondiente nivel de seguridad a los ficheros de MERCAT DE FLOR I PLANTA ORNAMENTAL DE CATALUNYA (SAT) seg\u00fan la naturaleza y sensibilidad de los datos facilitados por los usuarios de este Sitio web. Igualmente, MERCAT DE FLOR I PLANTA ORNAMENTAL DE CATALUNYA (SAT) se compromete a tener implementadas las medidas de seguridad que correspondan en virtud del que est\u00e1 establecido en el Reglamento de Medidas de (R.D. 1720\/2007).<\/p>\n<p>Los usuarios tienen reconocida por la indicada Ley Org\u00e1nica de Protecci\u00f3n de Datos los derechos de acceso, rectificaci\u00f3n, cancelaci\u00f3n y oposici\u00f3n y, si se tercia, el derecho a revocar en cualquier momento el consentimiento a la recepci\u00f3n de comunicaciones comerciales, mediante el env\u00edo de un correo electr\u00f3nico <a href=\"mailto:info@cultiudaqui.cat\"> info@cultiudaqui.cat<\/a> o una carta a la Avenida Beniamino Farina, 135 (Antigua N-II), 08340 de Vilassar de Mar, Barcelona.<\/p>\n","protected":false},"excerpt":{"rendered":"<p>MERCAT DE FLOR I PLANTA ORNAMENTAL DE CATALUNYA, Sociedad Agraria de Transformaci\u00f3n (SAT), con C.I.F V-08.834.830 e inscrita en el Departament de Agricultura, Ramaderia i Pesca de la Generalitat de Catalunya en virtud de lo dispuesto en el Decreto 111\/1985 del D.O.G.C., como responsable de este Sitio web y en conformidad con el que dispone la Ley Org\u00e1nica 15\/1999, de [&hellip;]<\/p>\n","protected":false},"author":1,"featured_media":0,"parent":0,"menu_order":0,"comment_status":"closed","ping_status":"closed","template":"","meta":{"footnotes":""},"class_list":["post-3136","page","type-page","status-publish","hentry"],"_links":{"self":[{"href":"https:\/\/www.cultiudaqui.cat\/es\/wp-json\/wp\/v2\/pages\/3136","targetHints":{"allow":["GET"]}}],"collection":[{"href":"https:\/\/www.cultiudaqui.cat\/es\/wp-json\/wp\/v2\/pages"}],"about":[{"href":"https:\/\/www.cultiudaqui.cat\/es\/wp-json\/wp\/v2\/types\/page"}],"author":[{"embeddable":true,"href":"https:\/\/www.cultiudaqui.cat\/es\/wp-json\/wp\/v2\/users\/1"}],"replies":[{"embeddable":true,"href":"https:\/\/www.cultiudaqui.cat\/es\/wp-json\/wp\/v2\/comments?post=3136"}],"version-history":[{"count":3,"href":"https:\/\/www.cultiudaqui.cat\/es\/wp-json\/wp\/v2\/pages\/3136\/revisions"}],"predecessor-version":[{"id":3142,"href":"https:\/\/www.cultiudaqui.cat\/es\/wp-json\/wp\/v2\/pages\/3136\/revisions\/3142"}],"wp:attachment":[{"href":"https:\/\/www.cultiudaqui.cat\/es\/wp-json\/wp\/v2\/media?parent=3136"}],"curies":[{"name":"wp","href":"https:\/\/api.w.org\/{rel}","templated":true}]}}