{"id":3084,"date":"2017-11-21T17:17:41","date_gmt":"2017-11-21T17:17:41","guid":{"rendered":"https:\/\/www.cultiudaqui.cat\/home\/"},"modified":"2017-12-21T15:10:02","modified_gmt":"2017-12-21T15:10:02","slug":"home","status":"publish","type":"page","link":"https:\/\/www.cultiudaqui.cat\/es\/","title":{"rendered":"Home"},"content":{"rendered":"<div class=\"wpb-content-wrapper\"><p>[vc_row full_width=\u00bbstretch_row_content_no_spaces\u00bb css=\u00bb.vc_custom_1486094772665{margin-top: 0px !important;margin-right: 0px !important;margin-bottom: 0px !important;margin-left: 0px !important;}\u00bb][vc_column][rev_slider_vc alias=\u00bbhome-slider-1&#8243;][\/vc_column][\/vc_row][vc_row css=\u00bb.vc_custom_1511368759026{padding-top: 50px !important;padding-bottom: 0px !important;}\u00bb][vc_column width=\u00bb1\/2&#8243;][vc_single_image image=\u00bb3021&#8243; img_size=\u00bblarge\u00bb alignment=\u00bbcenter\u00bb][\/vc_column][vc_column width=\u00bb1\/2&#8243; css=\u00bb.vc_custom_1486108322068{padding-left: 0px !important;}\u00bb][vc_custom_heading text=\u00bbla marca\u00bb font_container=\u00bbtag:h2|font_size:44|text_align:left|color:%23252525&#8243; use_theme_fonts=\u00bbyes\u00bb css=\u00bb.vc_custom_1511793033456{padding-left: 30px !important;}\u00bb][vc_column_text css=\u00bb.vc_custom_1513183649596{padding-right: 30px !important;padding-left: 30px !important;}\u00bb]<strong>CULTIU <span style=\"color: #ff0000;\">D\u2019AQU\u00cd<\/span><\/strong> es un sello de calidad impulsado desde el Mercat de Flor i Planta Ornamental de Catalunya que identifica las flores y plantas cultivadas en territorio catal\u00e1n con el objetivo de establecer una denominaci\u00f3n com\u00fan e identificar el producto local, de proximidad.<\/p>\n<p>Una marca que quiere poner en valor todos los productos que han estado conreados cumpliendo unos est\u00e1ndares de calidad, adecuados al clima y sin necesidad de pasar d\u00edas en c\u00e1maras frigor\u00edficas.<\/p>\n<p><strong>CULTIU <span style=\"color: #ff0000;\">D\u2019AQU\u00cd <\/span><\/strong>indica una manera de hacer, una filosof\u00eda, una estima por la tierra y la belleza de sus frutos, y un origen: el nuestro. Es una puesta en valor de la amplia gama de productos ornamentales cultivados en Catalunya y una garant\u00eda de calidad.<\/p>\n<p>[\/vc_column_text][\/vc_column][\/vc_row][vc_row css=\u00bb.vc_custom_1486348300960{padding-top: 80px !important;}\u00bb][vc_column][vc_column_text]<\/p>\n<div id=\"wrap-icono\">\n<h2 style=\"font-size: 30px; display: inline; margin-bottom: 0px !important;\">\u00bfPor qu\u00e9 CULTIU D&#8217;AQU\u00cd?<\/h2>\n<p style=\"display: inline;\"><img loading=\"lazy\" decoding=\"async\" class=\"vc_single_image-img attachment-thumbnail\" src=\"http:\/\/developer.explotacionweb.es\/cultiudaqui\/wp-content\/uploads\/2017\/11\/cultiu-ramo.png\" alt=\"\" width=\"35\" height=\"50\" \/><\/p>\n<\/div>\n<p>[\/vc_column_text][\/vc_column][\/vc_row][vc_row css=\u00bb.vc_custom_1511288630907{margin-right: 0px !important;margin-left: 0px !important;}\u00bb][vc_column width=\u00bb1\/3&#8243; css=\u00bb.vc_custom_1511290855698{margin-right: 0px !important;margin-bottom: 0px !important;margin-left: 0px !important;border-top-width: 1px !important;border-right-width: 1px !important;border-bottom-width: 1px !important;border-left-width: 1px !important;padding-top: 30px !important;padding-right: 30px !important;padding-bottom: 10px !important;padding-left: 30px !important;}\u00bb][vc_single_image image=\u00bb2705&#8243; alignment=\u00bbcenter\u00bb][vc_column_text]<\/p>\n<p style=\"text-align: center;color:#000;\"><strong>Porque las flores y plantas son de Km0<\/strong><\/p>\n<p style=\"text-align: justify;\">Las flores y las plantas son productos delicados que sufren viajando. Van directos del productor al Mercat de la Flor y desde ah\u00ed a t\u00fa florister\u00eda o centro de jardiner\u00eda. Por lo tanto, siempre es mucho mejor comprarlas frescas y de proximidad.<\/p>\n<p>[\/vc_column_text][\/vc_column][vc_column width=\u00bb1\/3&#8243; css=\u00bb.vc_custom_1511290937772{margin-right: 0px !important;margin-left: 10px !important;border-top-width: 1px !important;border-right-width: 1px !important;border-bottom-width: 1px !important;border-left-width: 1px !important;padding-top: 30px !important;padding-right: 30px !important;padding-bottom: 10px !important;padding-left: 30px !important;}\u00bb][vc_single_image image=\u00bb2708&#8243; alignment=\u00bbcenter\u00bb css=\u00bb.vc_custom_1511802119536{margin-right: 0px !important;margin-left: 0px !important;border-top-width: 0px !important;border-right-width: 0px !important;border-bottom-width: 0px !important;border-left-width: 0px !important;padding-top: 0px !important;padding-right: 0px !important;padding-bottom: 0px !important;padding-left: 0px !important;}\u00bb][vc_column_text]<\/p>\n<p style=\"text-align: center;color:#000;\"><strong>Porque garantiza calidad y sostenibilidad<\/strong><\/p>\n<p style=\"text-align: justify;\">Cultivamos productos en buen estado y libres de plagas y enfermedades. Adem\u00e1s, al no tener que estar almacenados ni en c\u00e1maras frigor\u00edficas, requieren menos gasto energ\u00e9tico y son m\u00e1s respetuosos con el medio ambiente.<\/p>\n<p>[\/vc_column_text][\/vc_column][vc_column width=\u00bb1\/3&#8243; css=\u00bb.vc_custom_1511289179271{margin-right: 0px !important;margin-left: 10px !important;border-top-width: 1px !important;border-right-width: 1px !important;border-bottom-width: 1px !important;border-left-width: 1px !important;padding-top: 30px !important;padding-right: 30px !important;padding-bottom: 10px !important;padding-left: 30px !important;}\u00bb][vc_single_image image=\u00bb2709&#8243; alignment=\u00bbcenter\u00bb][vc_column_text]<\/p>\n<p style=\"text-align: center;color:#000;\"><strong>Porque tienen un precio m\u00e1s justo<\/strong><\/p>\n<p style=\"text-align: justify;\">Menos intermediarios en la compraventa suponen una valorizaci\u00f3n real del producto que llega a tus manos. Producimos flores y plantas a un precio m\u00e1s justo para el productor y m\u00e1s justo para el cliente final.<\/p>\n<p>[\/vc_column_text][\/vc_column][\/vc_row][vc_row full_width=\u00bbstretch_row\u00bb parallax=\u00bbcontent-moving\u00bb css=\u00bb.vc_custom_1511944809309{margin-bottom: 10px !important;padding-top: 55px !important;padding-bottom: 60px !important;background-color: #868686 !important;}\u00bb][vc_column el_id=\u00bbhome-letras\u00bb][clever-portfolio-sc id=\u00bb2262&#8243; title=\u00bbGaleria de productos\u00bb][\/vc_column][vc_column][\/vc_column][\/vc_row][vc_row css=\u00bb.vc_custom_1511945573017{margin-top: 30px !important;margin-bottom: 20px !important;}\u00bb][vc_column width=\u00bb1\/2&#8243; css=\u00bb.vc_custom_1486373806895{padding-left: 30px !important;}\u00bb][vc_custom_heading text=\u00bbcontacta\u00bb font_container=\u00bbtag:h2|font_size:30px|text_align:left|color:%23e30613&#8243; use_theme_fonts=\u00bbyes\u00bb css=\u00bb.vc_custom_1511886650912{margin-bottom: 15px !important;}\u00bb][vc_row_inner css=\u00bb.vc_custom_1511944445968{margin-right: 0px !important;margin-left: 0px !important;padding-right: 40px !important;padding-left: 40px !important;background-color: #ffffff !important;}\u00bb][vc_column_inner css=\u00bb.vc_custom_1511944527244{padding-top: 0px !important;padding-right: 0px !important;padding-bottom: 0px !important;padding-left: 0px !important;}\u00bb][vc_raw_html]JTNDZGl2JTIwc3R5bGUlM0QlMjJmb250LXNpemUlM0ElMjAyMHB4JTNCJTIwbWFyZ2luJTNBJTIwMjBweCUyMDAlM0IlMjIlM0UlMEElM0NzcGFuJTIwY2xhc3MlM0QlMjJ2Y19pY29uX2VsZW1lbnQtaWNvbiUyMGZhJTIwZmEtbWFwLW1hcmtlciUyMiUyMHN0eWxlJTNEJTIyY29sb3IlM0ElMjNkZDMzMzMlMjAlMjFpbXBvcnRhbnQlMjIlM0UlM0MlMkZzcGFuJTNFJTIwJTBBJTNDYSUyMGhyZWYlM0QlMjJodHRwcyUzQSUyRiUyRmdvby5nbCUyRm1hcHMlMkZGYnhwNXNOaGYyTjIlMjIlMjBvbmNsaWNrJTNEJTIyd2luZG93Lm9wZW4lMjh0aGlzLmhyZWYlMkMlMjAlMjclMjclMkMlMjAlMjdyZXNpemFibGUlM0RubyUyQ3N0YXR1cyUzRG5vJTJDbG9jYXRpb24lM0RubyUyQ3Rvb2xiYXIlM0RubyUyQ21lbnViYXIlM0RubyUyQ2Z1bGxzY3JlZW4lM0RubyUyQ3Njcm9sbGJhcnMlM0RubyUyQ2RlcGVuZGVudCUzRG5vJTI3JTI5JTNCJTIwcmV0dXJuJTIwZmFsc2UlM0IlMjIlM0VNZXJjYXQlMjBkZSUyMEZsb3IlMjBpJTIwUGxhbnRhJTIwT3JuYW1lbnRhbCUyMGRlJTIwQ2F0YWx1bnlhJTNDJTJGYSUzRSUwQSUzQyUyRmRpdiUzRSUwQSUwQSUzQ2RpdiUyMHN0eWxlJTNEJTIyZm9udC1zaXplJTNBJTIwMjBweCUzQiUyMG1hcmdpbiUzQSUyMDIwcHglMjAwJTNCJTIyJTNFJTBBJTNDc3BhbiUyMGNsYXNzJTNEJTIydmNfaWNvbl9lbGVtZW50LWljb24lMjBmYSUyMGZhLXBob25lJTIyJTIwc3R5bGUlM0QlMjJjb2xvciUzQSUyM2RkMzMzMyUyMCUyMWltcG9ydGFudCUyMiUzRSUzQyUyRnNwYW4lM0UlMEElMkIzNCUyMDkzJTIwNzUwJTIwMDAlMjAwMCUwQSUzQyUyRmRpdiUzRSUwQSUwQSUzQ2RpdiUyMHN0eWxlJTNEJTIyZm9udC1zaXplJTNBJTIwMjBweCUzQiUyMG1hcmdpbiUzQSUyMDIwcHglMjAwJTNCJTIyJTNFJTBBJTNDc3BhbiUyMGNsYXNzJTNEJTIydmNfaWNvbl9lbGVtZW50LWljb24lMjBmYSUyMGZhLWVudmVsb3BlLW8lMjIlMjBzdHlsZSUzRCUyMmNvbG9yJTNBJTIzZGQzMzMzJTIwJTIxaW1wb3J0YW50JTIyJTNFJTNDJTJGc3BhbiUzRSUwQSUzQ2ElMjBocmVmJTNEJTIybWFpbHRvJTNBaW5mbyU0MGN1bHRpdWRhcXVpLmNhdCUyMiUzRWluZm8lNDBjdWx0aXVkYXF1aS5jYXQlM0MlMkZhJTNFJTBBJTNDJTJGZGl2JTNF[\/vc_raw_html]\n<div class=\"wpcf7 no-js\" id=\"wpcf7-f3070-o1\" lang=\"ca\" dir=\"ltr\" data-wpcf7-id=\"3070\">\n<div class=\"screen-reader-response\"><p role=\"status\" aria-live=\"polite\" aria-atomic=\"true\"><\/p> <ul><\/ul><\/div>\n<form action=\"\/es\/wp-json\/wp\/v2\/pages\/3084#wpcf7-f3070-o1\" method=\"post\" class=\"wpcf7-form init\" aria-label=\"Formulari de contacte\" novalidate=\"novalidate\" data-status=\"init\">\n<div style=\"display: none;\">\n<input type=\"hidden\" name=\"_wpcf7\" value=\"3070\" \/>\n<input type=\"hidden\" name=\"_wpcf7_version\" value=\"6.0.3\" \/>\n<input type=\"hidden\" name=\"_wpcf7_locale\" value=\"ca\" \/>\n<input type=\"hidden\" name=\"_wpcf7_unit_tag\" value=\"wpcf7-f3070-o1\" \/>\n<input type=\"hidden\" name=\"_wpcf7_container_post\" value=\"0\" \/>\n<input type=\"hidden\" name=\"_wpcf7_posted_data_hash\" value=\"\" \/>\n<\/div>\n<div class=\"row\">\n\t<div class=\"col-xs-12 col-sm-6\">\n\t\t<p><span class=\"wpcf7-form-control-wrap\" data-name=\"first-name\"><input size=\"40\" maxlength=\"400\" class=\"wpcf7-form-control wpcf7-text wpcf7-validates-as-required\" aria-required=\"true\" aria-invalid=\"false\" placeholder=\"Nombre*\" value=\"\" type=\"text\" name=\"first-name\" \/><\/span>\n\t\t<\/p>\n\t<\/div>\n\t<div class=\"col-xs-12 col-sm-6\">\n\t\t<p><span class=\"wpcf7-form-control-wrap\" data-name=\"last-name\"><input size=\"40\" maxlength=\"400\" class=\"wpcf7-form-control wpcf7-text wpcf7-validates-as-required\" aria-required=\"true\" aria-invalid=\"false\" placeholder=\"Apellidos*\" value=\"\" type=\"text\" name=\"last-name\" \/><\/span>\n\t\t<\/p>\n\t<\/div>\n\t<div class=\"col-xs-12 col-sm-6\">\n\t\t<p><span class=\"wpcf7-form-control-wrap\" data-name=\"your-email\"><input size=\"40\" maxlength=\"400\" class=\"wpcf7-form-control wpcf7-email wpcf7-text wpcf7-validates-as-email\" aria-invalid=\"false\" placeholder=\"Email\" value=\"\" type=\"email\" name=\"your-email\" \/><\/span>\n\t\t<\/p>\n\t<\/div>\n\t<div class=\"col-xs-12 col-sm-6\">\n\t\t<p><span class=\"wpcf7-form-control-wrap\" data-name=\"phone-number\"><input size=\"40\" maxlength=\"400\" class=\"wpcf7-form-control wpcf7-tel wpcf7-text wpcf7-validates-as-tel\" aria-invalid=\"false\" placeholder=\"Tel\u00e9fono\" value=\"\" type=\"tel\" name=\"phone-number\" \/><\/span>\n\t\t<\/p>\n\t<\/div>\n\t<div class=\"col-xs-12\">\n\t\t<p><span class=\"wpcf7-form-control-wrap\" data-name=\"your-message\"><textarea cols=\"40\" rows=\"10\" maxlength=\"2000\" class=\"wpcf7-form-control wpcf7-textarea\" aria-invalid=\"false\" placeholder=\"Mensaje\" name=\"your-message\"><\/textarea><\/span>\n\t\t<\/p>\n\t<\/div>\n<\/div>\n<div align=\"right\">\n\t<p>[recaptcha]\n\t<\/p>\n<\/div>\n<div>\n\t<p><input class=\"wpcf7-form-control wpcf7-submit has-spinner\" type=\"submit\" value=\"Enviar\" \/>\n\t<\/p>\n<\/div><div class=\"wpcf7-response-output\" aria-hidden=\"true\"><\/div>\n<\/form>\n<\/div>\n[\/vc_column_inner][\/vc_row_inner][\/vc_column][vc_column width=\u00bb1\/2&#8243; css=\u00bb.vc_custom_1511945506418{background-color: #f5f5f5 !important;}\u00bb][vc_raw_html]JTNDZGl2JTIwaWQlM0QlMjJ0aXR1bG8taW5zdGFncmFtJTIyJTNFJTBBJTNDc3BhbiUzRUlOU1RBJTIwJTNDJTJGc3BhbiUzRSUyMCUzQ3NwYW4lMjBjbGFzcyUzRCUyMnZjX2ljb25fZWxlbWVudC1pY29uJTIwZmElMjBmYS1pbnN0YWdyYW0lMjIlMjBzdHlsZSUzRCUyMmNvbG9yJTNBJTIzZTMwNjEzJTIwJTIxaW1wb3J0YW50JTIyJTNFJTNDJTJGc3BhbiUzRSUyMCUzQ3NwYW4lM0UlMjBHUkFNJTNDJTJGc3BhbiUzRSUwQSUzQyUyRmRpdiUzRQ==[\/vc_raw_html][vc_column_text]\t\t<div id=\"sbi_mod_error\" >\n\t\t\t<span>Este mensaje de error solo es visible para los administradores de WordPress<\/span><br \/>\n\t\t\t<p><strong>Error: No se ha encontrado ning\u00fan feed.<\/strong>\n\t\t\t<p>Por favor, ve a la p\u00e1gina de ajustes de Instagram Feed para crear un feed.<\/p>\n\t\t<\/div>\n<p>[\/vc_column_text][\/vc_column][\/vc_row]<\/p>\n<\/div>","protected":false},"excerpt":{"rendered":"<p>[vc_row full_width=\u00bbstretch_row_content_no_spaces\u00bb css=\u00bb.vc_custom_1486094772665{margin-top: 0px !important;margin-right: 0px !important;margin-bottom: 0px !important;margin-left: 0px !important;}\u00bb][vc_column][rev_slider_vc alias=\u00bbhome-slider-1&#8243;][\/vc_column][\/vc_row][vc_row css=\u00bb.vc_custom_1511368759026{padding-top: 50px !important;padding-bottom: 0px !important;}\u00bb][vc_column width=\u00bb1\/2&#8243;][vc_single_image image=\u00bb3021&#8243; img_size=\u00bblarge\u00bb alignment=\u00bbcenter\u00bb][\/vc_column][vc_column width=\u00bb1\/2&#8243; css=\u00bb.vc_custom_1486108322068{padding-left: 0px !important;}\u00bb][vc_custom_heading text=\u00bbla marca\u00bb font_container=\u00bbtag:h2|font_size:44|text_align:left|color:%23252525&#8243; use_theme_fonts=\u00bbyes\u00bb css=\u00bb.vc_custom_1511793033456{padding-left: 30px !important;}\u00bb][vc_column_text css=\u00bb.vc_custom_1513183649596{padding-right: 30px !important;padding-left: 30px !important;}\u00bb]CULTIU D\u2019AQU\u00cd es un sello de calidad impulsado desde el Mercat de Flor i Planta Ornamental de Catalunya que identifica las flores y plantas [&hellip;]<\/p>\n","protected":false},"author":1,"featured_media":0,"parent":0,"menu_order":0,"comment_status":"closed","ping_status":"closed","template":"","meta":{"footnotes":""},"class_list":["post-3084","page","type-page","status-publish","hentry"],"_links":{"self":[{"href":"https:\/\/www.cultiudaqui.cat\/es\/wp-json\/wp\/v2\/pages\/3084","targetHints":{"allow":["GET"]}}],"collection":[{"href":"https:\/\/www.cultiudaqui.cat\/es\/wp-json\/wp\/v2\/pages"}],"about":[{"href":"https:\/\/www.cultiudaqui.cat\/es\/wp-json\/wp\/v2\/types\/page"}],"author":[{"embeddable":true,"href":"https:\/\/www.cultiudaqui.cat\/es\/wp-json\/wp\/v2\/users\/1"}],"replies":[{"embeddable":true,"href":"https:\/\/www.cultiudaqui.cat\/es\/wp-json\/wp\/v2\/comments?post=3084"}],"version-history":[{"count":5,"href":"https:\/\/www.cultiudaqui.cat\/es\/wp-json\/wp\/v2\/pages\/3084\/revisions"}],"predecessor-version":[{"id":3516,"href":"https:\/\/www.cultiudaqui.cat\/es\/wp-json\/wp\/v2\/pages\/3084\/revisions\/3516"}],"wp:attachment":[{"href":"https:\/\/www.cultiudaqui.cat\/es\/wp-json\/wp\/v2\/media?parent=3084"}],"curies":[{"name":"wp","href":"https:\/\/api.w.org\/{rel}","templated":true}]}}