{"id":3076,"date":"2017-11-21T20:07:52","date_gmt":"2017-11-21T20:07:52","guid":{"rendered":"https:\/\/www.cultiudaqui.cat\/qui-som\/"},"modified":"2024-03-28T15:41:11","modified_gmt":"2024-03-28T15:41:11","slug":"quienes-somos","status":"publish","type":"page","link":"https:\/\/www.cultiudaqui.cat\/es\/quienes-somos\/","title":{"rendered":"quienes somos"},"content":{"rendered":"<div class=\"wpb-content-wrapper\"><p>[vc_row css=\u00bb.vc_custom_1511863649214{padding-top: 20px !important;}\u00bb][vc_column 0=\u00bb\u00bb][vc_custom_heading text=\u00bbquienes somos\u00bb font_container=\u00bbtag:h2|font_size:40|text_align:left|color:%23252525|line_height:50px\u00bb use_theme_fonts=\u00bbyes\u00bb css=\u00bb.vc_custom_1513865588319{margin-bottom: 40px !important;padding-left: 35px !important;background-color: #e30613 !important;}\u00bb][vc_column_text css=\u00bb.vc_custom_1513859537929{padding-right: 35px !important;padding-left: 35px !important;}\u00bb]<strong>CULTIU <span style=\"color: #ff0000;\">D\u2019AQU\u00cd<\/span><\/strong> es una marca del Mercat de Flor i Planta Ornamental de Catalunya que identifica las flores y plantas cultivadas por sus socios y socias en territorio catal\u00e1n.<\/p>\n<p>El <strong>Mercat de Flor i Planta Ornamental de Catalunya SAT<\/strong> es el principal mercado mayorista, <strong>en origen<\/strong>, de flor y planta del pa\u00eds. Naci\u00f3 en 1983 recogiendo las inquietudes de los horticultores del Baix Maresme, que buscaban un centro de comercializaci\u00f3n profesional <em>a pie de finca<\/em> que les garantizara la distribuci\u00f3n de sus productos. Actualmente lo conforman m\u00e1s de 300 socios, muchos de ellos todav\u00eda productores de flor y planta, y cuenta con m\u00e1s de 5.000 clientes registrados, entre los que se encuentran las principales florister\u00edas, jardiner\u00edas, garden-centers y paisajistas del pa\u00eds.<\/p>\n<p>Forman parte de la marca <strong>CULTIU <span style=\"color: #ff0000;\">D\u2019AQU\u00cd <\/span><\/strong>los siguientes productores<strong>:<\/strong><\/p>\n<p>[\/vc_column_text][\/vc_column][\/vc_row][vc_row][vc_column][vc_column_text]<\/p>\n<div style=\"display: flex; justify-content: center; flex-wrap: wrap;\">\n<div>\n<div class=\"wrap_productor espigol\"><strong>VIVERS ESP\u00cdGOL<\/strong><\/div>\n<p>&nbsp;<\/p>\n<\/div>\n<div>\n<div class=\"wrap_productor cultius_plantamar\"><strong>CULTIUS PLANTAMAR<\/strong><\/div>\n<p>&nbsp;<\/p>\n<\/div>\n<div>\n<div class=\"wrap_productor vives_serra\"><strong>VIVES SERRA<\/strong><\/div>\n<p>&nbsp;<\/p>\n<\/div>\n<div>\n<div class=\"wrap_productor ribas_mateu\"><strong>RIBAS-MATEU<\/strong><\/div>\n<p>&nbsp;<\/p>\n<\/div>\n<div>\n<div class=\"wrap_productor hortplant\"><strong>HORTPLANT<\/strong><\/div>\n<p>&nbsp;<\/p>\n<\/div>\n<div>\n<div class=\"wrap_productor argentona\"><strong>CULTIUS ARGENTONA<\/strong><\/div>\n<p>&nbsp;<\/p>\n<\/div>\n<div>\n<div class=\"wrap_productor david-pons\"><strong>DAVID PONS<\/strong><\/div>\n<p>&nbsp;<\/p>\n<\/div>\n<div>\n<div class=\"wrap_productor floriach\"><strong>CULTIUS FLORIACH-LLOBERA<\/strong><\/div>\n<p>&nbsp;<\/p>\n<\/div>\n<div>\n<div class=\"wrap_productor cuquet\"><strong>JAUME CUQUET<\/strong><\/div>\n<p>&nbsp;<\/p>\n<\/div>\n<div>\n<div class=\"wrap_productor teixido\"><strong>JORDI TEIXID\u00d3 CULTIUS <\/strong><\/div>\n<p>&nbsp;<\/p>\n<\/div>\n<div>\n<div class=\"wrap_productor josep-serra\"><strong>JOSEP SERRA<\/strong><\/div>\n<p>&nbsp;<\/p>\n<\/div>\n<div>\n<div class=\"wrap_productor reclosas\"><strong>CULTIUS LAS RESCLOSAS<\/strong><\/div>\n<p>&nbsp;<\/p>\n<\/div>\n<div>\n<div class=\"wrap_productor plantes-gel\"><strong>PLANTES GEL<\/strong><\/div>\n<p>&nbsp;<\/p>\n<\/div>\n<div>\n<div class=\"wrap_productor josep-pons\"><strong>JOSEP PONS I FILLS<\/strong><\/div>\n<p>&nbsp;<\/p>\n<\/div>\n<div>\n<div class=\"wrap_productor conesa\"><strong>VICEN\u00c7 CONESA<\/strong><\/div>\n<p>&nbsp;<\/p>\n<\/div>\n<\/div>\n<p>[\/vc_column_text][\/vc_column][\/vc_row][vc_row][vc_column][vc_column_text]\t\t\t<rs-module-wrap id=\"rev_slider_error_1_wrapper\">\n\t\t\t\t<rs-module id=\"rev_slider_error_1\">\n\t\t\t\t\t<div class=\"rs_error_message_box\">\n\t\t\t\t\t\t<div class=\"rs_error_message_oops\">Oops...<\/div>\n\t\t\t\t\t\t<div class=\"rs_error_message_content\">Slider with alias Slider-qui-som not found.<\/div>\n\t\t\t\t\t<\/div>\n\t\t\t\t<\/rs-module>\n\t\t\t<\/rs-module-wrap>\n\t\t\t<script type=\"text\/javascript\">\n\t\t\t\tvar rs_eslider = document.getElementById(\"rev_slider_error_1\");\n\t\t\t\trs_eslider.style.display = \"none\";\n\t\t\t\tconsole.log(\"Slider with alias Slider-qui-som not found.\");\n\t\t\t<\/script>\n[\/vc_column_text][\/vc_column][\/vc_row][vc_row][vc_column][\/vc_column][\/vc_row]<\/p>\n<\/div>","protected":false},"excerpt":{"rendered":"<p>[vc_row css=\u00bb.vc_custom_1511863649214{padding-top: 20px !important;}\u00bb][vc_column 0=\u00bb\u00bb][vc_custom_heading text=\u00bbquienes somos\u00bb font_container=\u00bbtag:h2|font_size:40|text_align:left|color:%23252525|line_height:50px\u00bb use_theme_fonts=\u00bbyes\u00bb css=\u00bb.vc_custom_1513865588319{margin-bottom: 40px !important;padding-left: 35px !important;background-color: #e30613 !important;}\u00bb][vc_column_text css=\u00bb.vc_custom_1513859537929{padding-right: 35px !important;padding-left: 35px !important;}\u00bb]CULTIU D\u2019AQU\u00cd es una marca del Mercat de Flor i Planta Ornamental de Catalunya que identifica las flores y plantas cultivadas por sus socios y socias en territorio catal\u00e1n. El Mercat de Flor i Planta Ornamental de Catalunya SAT es [&hellip;]<\/p>\n","protected":false},"author":1,"featured_media":0,"parent":0,"menu_order":0,"comment_status":"closed","ping_status":"closed","template":"","meta":{"footnotes":""},"class_list":["post-3076","page","type-page","status-publish","hentry"],"_links":{"self":[{"href":"https:\/\/www.cultiudaqui.cat\/es\/wp-json\/wp\/v2\/pages\/3076","targetHints":{"allow":["GET"]}}],"collection":[{"href":"https:\/\/www.cultiudaqui.cat\/es\/wp-json\/wp\/v2\/pages"}],"about":[{"href":"https:\/\/www.cultiudaqui.cat\/es\/wp-json\/wp\/v2\/types\/page"}],"author":[{"embeddable":true,"href":"https:\/\/www.cultiudaqui.cat\/es\/wp-json\/wp\/v2\/users\/1"}],"replies":[{"embeddable":true,"href":"https:\/\/www.cultiudaqui.cat\/es\/wp-json\/wp\/v2\/comments?post=3076"}],"version-history":[{"count":7,"href":"https:\/\/www.cultiudaqui.cat\/es\/wp-json\/wp\/v2\/pages\/3076\/revisions"}],"predecessor-version":[{"id":3631,"href":"https:\/\/www.cultiudaqui.cat\/es\/wp-json\/wp\/v2\/pages\/3076\/revisions\/3631"}],"wp:attachment":[{"href":"https:\/\/www.cultiudaqui.cat\/es\/wp-json\/wp\/v2\/media?parent=3076"}],"curies":[{"name":"wp","href":"https:\/\/api.w.org\/{rel}","templated":true}]}}