{"id":3072,"date":"2017-11-22T16:28:24","date_gmt":"2017-11-22T16:28:24","guid":{"rendered":"https:\/\/www.cultiudaqui.cat\/informat\/"},"modified":"2017-12-21T13:42:20","modified_gmt":"2017-12-21T13:42:20","slug":"informate","status":"publish","type":"page","link":"https:\/\/www.cultiudaqui.cat\/es\/informate\/","title":{"rendered":"informate"},"content":{"rendered":"<div class=\"wpb-content-wrapper\"><p>[vc_row][vc_column][vc_custom_heading text=\u00bbInf\u00f3rmate\u00bb css=\u00bb.vc_custom_1513863306800{padding-left: 35px !important;background-color: #e30613 !important;}\u00bb][\/vc_column][\/vc_row][vc_row css=\u00bb.vc_custom_1511870761043{padding-top: 40px !important;}\u00bb][vc_column][vc_column_text]<\/p>\n<p>\nSi quieres m\u00e1s informaci\u00f3n sobre <strong>CULTIU<span style=\"color: #ff0000;\"> D\u2019AQU\u00cd <\/span><\/strong>puedes ponerte en contacto con nosotros enviando un correo electr\u00f3nico a <a href=\"mailto:info@cultiudaqui.cat\"><strong>info@cultiudaqui.cat<\/strong><\/a> o envi\u00e1ndonos el siguiente formulario con tus comentarios y \/ o preguntas. \u00a1Te daremos respuesta lo antes posible!\n<\/p>\n<p>[\/vc_column_text]\n<div class=\"wpcf7 no-js\" id=\"wpcf7-f3070-o1\" lang=\"ca\" dir=\"ltr\" data-wpcf7-id=\"3070\">\n<div class=\"screen-reader-response\"><p role=\"status\" aria-live=\"polite\" aria-atomic=\"true\"><\/p> <ul><\/ul><\/div>\n<form action=\"\/es\/wp-json\/wp\/v2\/pages\/3072#wpcf7-f3070-o1\" method=\"post\" class=\"wpcf7-form init\" aria-label=\"Formulari de contacte\" novalidate=\"novalidate\" data-status=\"init\">\n<div style=\"display: none;\">\n<input type=\"hidden\" name=\"_wpcf7\" value=\"3070\" \/>\n<input type=\"hidden\" name=\"_wpcf7_version\" value=\"6.0.3\" \/>\n<input type=\"hidden\" name=\"_wpcf7_locale\" value=\"ca\" \/>\n<input type=\"hidden\" name=\"_wpcf7_unit_tag\" value=\"wpcf7-f3070-o1\" \/>\n<input type=\"hidden\" name=\"_wpcf7_container_post\" value=\"0\" \/>\n<input type=\"hidden\" name=\"_wpcf7_posted_data_hash\" value=\"\" \/>\n<\/div>\n<div class=\"row\">\n\t<div class=\"col-xs-12 col-sm-6\">\n\t\t<p><span class=\"wpcf7-form-control-wrap\" data-name=\"first-name\"><input size=\"40\" maxlength=\"400\" class=\"wpcf7-form-control wpcf7-text wpcf7-validates-as-required\" aria-required=\"true\" aria-invalid=\"false\" placeholder=\"Nombre*\" value=\"\" type=\"text\" name=\"first-name\" \/><\/span>\n\t\t<\/p>\n\t<\/div>\n\t<div class=\"col-xs-12 col-sm-6\">\n\t\t<p><span class=\"wpcf7-form-control-wrap\" data-name=\"last-name\"><input size=\"40\" maxlength=\"400\" class=\"wpcf7-form-control wpcf7-text wpcf7-validates-as-required\" aria-required=\"true\" aria-invalid=\"false\" placeholder=\"Apellidos*\" value=\"\" type=\"text\" name=\"last-name\" \/><\/span>\n\t\t<\/p>\n\t<\/div>\n\t<div class=\"col-xs-12 col-sm-6\">\n\t\t<p><span class=\"wpcf7-form-control-wrap\" data-name=\"your-email\"><input size=\"40\" maxlength=\"400\" class=\"wpcf7-form-control wpcf7-email wpcf7-text wpcf7-validates-as-email\" aria-invalid=\"false\" placeholder=\"Email\" value=\"\" type=\"email\" name=\"your-email\" \/><\/span>\n\t\t<\/p>\n\t<\/div>\n\t<div class=\"col-xs-12 col-sm-6\">\n\t\t<p><span class=\"wpcf7-form-control-wrap\" data-name=\"phone-number\"><input size=\"40\" maxlength=\"400\" class=\"wpcf7-form-control wpcf7-tel wpcf7-text wpcf7-validates-as-tel\" aria-invalid=\"false\" placeholder=\"Tel\u00e9fono\" value=\"\" type=\"tel\" name=\"phone-number\" \/><\/span>\n\t\t<\/p>\n\t<\/div>\n\t<div class=\"col-xs-12\">\n\t\t<p><span class=\"wpcf7-form-control-wrap\" data-name=\"your-message\"><textarea cols=\"40\" rows=\"10\" maxlength=\"2000\" class=\"wpcf7-form-control wpcf7-textarea\" aria-invalid=\"false\" placeholder=\"Mensaje\" name=\"your-message\"><\/textarea><\/span>\n\t\t<\/p>\n\t<\/div>\n<\/div>\n<div align=\"right\">\n\t<p>[recaptcha]\n\t<\/p>\n<\/div>\n<div>\n\t<p><input class=\"wpcf7-form-control wpcf7-submit has-spinner\" type=\"submit\" value=\"Enviar\" \/>\n\t<\/p>\n<\/div><div class=\"wpcf7-response-output\" aria-hidden=\"true\"><\/div>\n<\/form>\n<\/div>\n[\/vc_column][\/vc_row][vc_row css=\u00bb.vc_custom_1511880596747{padding-top: 50px !important;}\u00bb][vc_column width=\u00bb1\/2&#8243;][vc_single_image image=\u00bb2702&#8243; img_size=\u00bblarge\u00bb alignment=\u00bbcenter\u00bb][\/vc_column][vc_column width=\u00bb1\/2&#8243;][vc_column_text]<\/p>\n<p>\n\u00bfTodav\u00eda no sabes por qu\u00e9 naci\u00f3 <strong>CULTIU<span style=\"color: #ff0000;\"> D\u2019AQU\u00cd <\/span><\/strong>? \u00bfNos conoces, pero quieres saber m\u00e1s sobre c\u00f3mo funciona este identificador de calidad? \u00bfQuieres estar al d\u00eda de todas las novedades de la marca?<br \/>\nSi est\u00e1s interesado en alguno de los materiales promocionales de <strong>CULTIU<span style=\"color: #ff0000;\"> D\u2019AQU\u00cd <\/span><\/strong>, \u00a1desc\u00e1rgatelos aqu\u00ed!<\/p>\n<p>[\/vc_column_text][vc_btn title=\u00bbDossier de prensa\u00bb color=\u00bbdanger\u00bb align=\u00bbcenter\u00bb button_block=\u00bbtrue\u00bb link=\u00bburl:%2Fwp-content%2Fuploads%2F2016%2F12%2FDossier_Premsa_CultiuDAqui.pdf|target:%20_blank|\u00bb][vc_btn title=\u00bbTr\u00edptico\u00bb color=\u00bbdanger\u00bb align=\u00bbcenter\u00bb button_block=\u00bbtrue\u00bb link=\u00bburl:%2Fwp-content%2Fuploads%2F2016%2F12%2FTripticCULTIUDAQUI.pdf|target:%20_blank|\u00bb][vc_btn title=\u00bbSuscr\u00edbete a nuestro bolet\u00edn\u00bb color=\u00bbdanger\u00bb align=\u00bbcenter\u00bb button_block=\u00bbtrue\u00bb link=\u00bburl:http%3A%2F%2Feepurl.com%2FdeUjJz|target:%20_blank|\u00bb][\/vc_column][\/vc_row]<\/p>\n<\/div>","protected":false},"excerpt":{"rendered":"<p>[vc_row][vc_column][vc_custom_heading text=\u00bbInf\u00f3rmate\u00bb css=\u00bb.vc_custom_1513863306800{padding-left: 35px !important;background-color: #e30613 !important;}\u00bb][\/vc_column][\/vc_row][vc_row css=\u00bb.vc_custom_1511870761043{padding-top: 40px !important;}\u00bb][vc_column][vc_column_text] Si quieres m\u00e1s informaci\u00f3n sobre CULTIU D\u2019AQU\u00cd puedes ponerte en contacto con nosotros enviando un correo electr\u00f3nico a info@cultiudaqui.cat o envi\u00e1ndonos el siguiente formulario con tus comentarios y \/ o preguntas. \u00a1Te daremos respuesta lo antes posible! [\/vc_column_text][\/vc_column][\/vc_row][vc_row css=\u00bb.vc_custom_1511880596747{padding-top: 50px !important;}\u00bb][vc_column width=\u00bb1\/2&#8243;][vc_single_image image=\u00bb2702&#8243; img_size=\u00bblarge\u00bb alignment=\u00bbcenter\u00bb][\/vc_column][vc_column width=\u00bb1\/2&#8243;][vc_column_text] \u00bfTodav\u00eda no sabes por [&hellip;]<\/p>\n","protected":false},"author":1,"featured_media":0,"parent":0,"menu_order":0,"comment_status":"closed","ping_status":"closed","template":"","meta":{"footnotes":""},"class_list":["post-3072","page","type-page","status-publish","hentry"],"_links":{"self":[{"href":"https:\/\/www.cultiudaqui.cat\/es\/wp-json\/wp\/v2\/pages\/3072","targetHints":{"allow":["GET"]}}],"collection":[{"href":"https:\/\/www.cultiudaqui.cat\/es\/wp-json\/wp\/v2\/pages"}],"about":[{"href":"https:\/\/www.cultiudaqui.cat\/es\/wp-json\/wp\/v2\/types\/page"}],"author":[{"embeddable":true,"href":"https:\/\/www.cultiudaqui.cat\/es\/wp-json\/wp\/v2\/users\/1"}],"replies":[{"embeddable":true,"href":"https:\/\/www.cultiudaqui.cat\/es\/wp-json\/wp\/v2\/comments?post=3072"}],"version-history":[{"count":5,"href":"https:\/\/www.cultiudaqui.cat\/es\/wp-json\/wp\/v2\/pages\/3072\/revisions"}],"predecessor-version":[{"id":3504,"href":"https:\/\/www.cultiudaqui.cat\/es\/wp-json\/wp\/v2\/pages\/3072\/revisions\/3504"}],"wp:attachment":[{"href":"https:\/\/www.cultiudaqui.cat\/es\/wp-json\/wp\/v2\/media?parent=3072"}],"curies":[{"name":"wp","href":"https:\/\/api.w.org\/{rel}","templated":true}]}}