{"id":3066,"date":"2017-11-22T16:09:49","date_gmt":"2017-11-22T16:09:49","guid":{"rendered":"https:\/\/www.cultiudaqui.cat\/la-marca\/"},"modified":"2017-12-11T16:43:36","modified_gmt":"2017-12-11T16:43:36","slug":"la-marca","status":"publish","type":"page","link":"https:\/\/www.cultiudaqui.cat\/es\/la-marca\/","title":{"rendered":"la marca"},"content":{"rendered":"<div class=\"wpb-content-wrapper\"><p>[vc_row 0=\u00bb\u00bb][vc_column 0=\u00bb\u00bb][vc_custom_heading text=\u00bbLa marca\u00bb css=\u00bb.vc_custom_1511873400038{padding-left: 35px !important;background-color: #e30613 !important;}\u00bb][\/vc_column][\/vc_row][vc_row css=\u00bb.vc_custom_1511876109321{padding-top: 40px !important;}\u00bb][vc_column width=\u00bb1\/2&#8243;][vc_empty_space height=\u00bb25px\u00bb][vc_column_text]<strong>CULTIU <span style=\"color: #ff0000;\">D\u2019AQU\u00cd<\/span><\/strong> nace en 2017 como un identificador de producto local, de proximidad, y como distintivo de calidad, para poner en valor las flores y plantas cultivadas en Catalunya.<\/p>\n<p>Despu\u00e9s de a\u00f1os en permanente lucha por la presi\u00f3n urban\u00edstica que supone cultivar unas tierras que, en su mayor\u00eda, se encuentran cerca de Barcelona y con los inconvenientes que un mercado globalizado y la liberalizaci\u00f3n econ\u00f3mica implican para el comercio de sus productos, el sector de la flor y la planta busca nuevas v\u00edas de comercializaci\u00f3n de proximidad. V\u00edas que protejan el sector de la floricultura y la horticultura ornamental catalana y sus \u00e1reas de producci\u00f3n en Catalunya y que diferencien los productos por su calidad y procedencia, mediante el impulso de la producci\u00f3n local, de Km0, el cultivo ecol\u00f3gico y sostenible y la recuperaci\u00f3n de productos tradicionales de la tierra.<\/p>\n<p><strong>CULTIU <span style=\"color: #ff0000;\">D\u2019AQU\u00cd<\/span><\/strong>es un sello que pone en valor la amplia gama de productos ornamentales cultivados en Catalunya, por un lado, flor fresca y follajes y por otro, plantas, arbustos y \u00e1rboles en sus m\u00faltiples especies y variedades. \u00a1Un sello que garantiza que las flores y plantas que compras son catalanas y de calidad!<\/p>\n<p><strong style=\"color: #252525;\">\u00bfC\u00f3mo se certifica? <\/strong><\/p>\n<p>La certificaci\u00f3n de las flores y plantas de <strong> CULTIU <span style=\"color: #ff0000;\">D\u2019AQU\u00cd<\/span> <\/strong>las hace una t\u00e9cnica cualificada y la emite al Mercat de Flor i Planta Ornamental de Catalunya de acuerdo con el reglamento de la marca y tiene en cuenta el estado morfol\u00f3gico y sanitario de las flores y plantas; la forma y el sistema de cultivo y un tratamiento adecuado del producto en su recolecci\u00f3n y distribuci\u00f3n.<\/li>\n<\/ol>\n<p>[\/vc_column_text][\/vc_column][vc_column width=\u00bb1\/2&#8243; css=\u00bb.vc_custom_1512035648373{padding-top: 55px !important;padding-right: 100px !important;padding-left: 100px !important;}\u00bb][vc_single_image image=\u00bb2996&#8243; img_size=\u00bb100&#215;100&#8243; alignment=\u00bbcenter\u00bb][vc_row_inner][vc_column_inner css=\u00bb.vc_custom_1484796793639{padding-right: 10px !important;}\u00bb][vc_custom_heading text=\u00bbPorque las flores y las plantas son Km0&#8243; font_container=\u00bbtag:h4|font_size:18|text_align:center|color:%23252525&#8243; use_theme_fonts=\u00bbyes\u00bb css=\u00bb.vc_custom_1513010589833{margin-bottom: 0px !important;padding-bottom: 5px !important;}\u00bb][vc_column_text css=\u00bb.vc_custom_1511944368295{margin-bottom: 45px !important;}\u00bb]<\/p>\n<p style=\"text-align: center;display:none;\">Les flors i plantes s\u00f3n productes delicats que pateixen viatjant. Per aix\u00f2, sempre \u00e9s molt millor comprar-les fresques i de proximitat.<\/p>\n<p>[\/vc_column_text][\/vc_column_inner][\/vc_row_inner][vc_single_image image=\u00bb2998&#8243; img_size=\u00bb100&#215;100&#8243; alignment=\u00bbcenter\u00bb][vc_row_inner][vc_column_inner css=\u00bb.vc_custom_1484796801828{padding-right: 10px !important;}\u00bb][vc_custom_heading text=\u00bbPorque te garantices calidad y productos sostenibles\u00bb font_container=\u00bbtag:h4|font_size:18|text_align:center|color:%23252525&#8243; use_theme_fonts=\u00bbyes\u00bb css=\u00bb.vc_custom_1513010608788{margin-bottom: 0px !important;padding-bottom: 5px !important;}\u00bb][vc_column_text css=\u00bb.vc_custom_1511944404117{margin-bottom: 45px !important;}\u00bb]<\/p>\n<p style=\"text-align: center;display:none;\">CULTIU D\u2019AQU\u00cd et garanteix uns productes en bon estat i lliures de plagues i malalties. Uns productes certificats al viver, fets al nostre clima, m\u00e9s sostenibles i respectuosos amb el medi ambient.<\/p>\n<p>[\/vc_column_text][vc_single_image image=\u00bb2999&#8243; img_size=\u00bb100&#215;100&#8243; alignment=\u00bbcenter\u00bb][\/vc_column_inner][\/vc_row_inner][vc_row_inner][vc_column_inner css=\u00bb.vc_custom_1484796808777{padding-right: 10px !important;}\u00bb][vc_custom_heading text=\u00bbPorque tienen un precio m\u00e1s justo\u00bb font_container=\u00bbtag:h4|font_size:18|text_align:center|color:%23252525&#8243; use_theme_fonts=\u00bbyes\u00bb css=\u00bb.vc_custom_1513010621786{margin-bottom: 0px !important;padding-bottom: 5px !important;}\u00bb][vc_column_text css=\u00bb.vc_custom_1511944423334{margin-bottom: 45px !important;}\u00bb]<\/p>\n<p style=\"text-align: center;display:none;\">Flors i plantes amb un preu m\u00e9s just per al productor i m\u00e9s just per al client final. Menys intermediaris suposen una valoritzaci\u00f3 real del producte que arriba a les teves mans.<\/p>\n<p>[\/vc_column_text][\/vc_column_inner][\/vc_row_inner][\/vc_column][\/vc_row][vc_row css=\u00bb.vc_custom_1512035765006{margin-top: 50px !important;}\u00bb][vc_column][vc_column_text]\n\t\t\t<!-- START La marca REVOLUTION SLIDER 6.0.9 --><p class=\"rs-p-wp-fix\"><\/p>\n\t\t\t<rs-module-wrap id=\"rev_slider_5_1_wrapper\" data-source=\"gallery\" style=\"background:transparent;padding:0;margin:0px auto;margin-top:0;margin-bottom:0;max-width:\">\n\t\t\t\t<rs-module id=\"rev_slider_5_1\" style=\"display:none;\" data-version=\"6.0.9\">\n\t\t\t\t\t<rs-slides>\n\t\t\t\t\t\t<rs-slide data-key=\"rs-72\" data-title=\"Slide\" data-anim=\"ei:d;eo:d;s:600;r:0;t:fade;sl:d;\">\n\t\t\t\t\t\t\t<img decoding=\"async\" src=\"\/\/www.cultiudaqui.cat\/wp-content\/uploads\/2016\/12\/29032010017.jpg\" title=\"la marca\" class=\"rev-slidebg\" data-no-retina>\n<!--\n\t\t\t\t\t\t\t--><rs-layer\n\t\t\t\t\t\t\t\tid=\"slider-5-slide-72-layer-1\" \n\t\t\t\t\t\t\t\tclass=\"rev-btn\"\n\t\t\t\t\t\t\t\tdata-type=\"button\"\n\t\t\t\t\t\t\t\tdata-color=\"rgba(255,255,255,1)\"\n\t\t\t\t\t\t\t\tdata-xy=\"x:537px;y:231px;\"\n\t\t\t\t\t\t\t\tdata-text=\"s:17;l:17;fw:500;a:center;\"\n\t\t\t\t\t\t\t\tdata-actions='o:click;a:simplelink;target:_self;url:https:\/\/www.cultiudaqui.cat\/es\/quienes-somos\/;'\n\t\t\t\t\t\t\t\tdata-rsp_bd=\"off\"\n\t\t\t\t\t\t\t\tdata-padding=\"t:12;r:35;b:12;l:35;\"\n\t\t\t\t\t\t\t\tdata-frame_0=\"tp:600;\"\n\t\t\t\t\t\t\t\tdata-frame_1=\"tp:600;st:0;\"\n\t\t\t\t\t\t\t\tdata-frame_999=\"o:0;tp:600;st:w;sR:8700;\"\n\t\t\t\t\t\t\t\tdata-frame_hover=\"c:#000;bgc:#fff;boc:#000;bor:0px,0px,0px,0px;bos:solid;oX:50;oY:50;sp:0;\"\n\t\t\t\t\t\t\t\tstyle=\"z-index:5;background-color:rgba(227,6,19,0.75);font-family:Roboto;cursor:pointer;outline:none;box-shadow:none;box-sizing:border-box;-moz-box-sizing:border-box;-webkit-box-sizing:border-box;\"\n\t\t\t\t\t\t\t>QUIENES SOMOS \n\t\t\t\t\t\t\t<\/rs-layer><!--\n-->\t\t\t\t\t\t<\/rs-slide>\n\t\t\t\t\t<\/rs-slides>\n\t\t\t\t\t<rs-progress class=\"rs-bottom\" style=\"visibility: hidden !important;\"><\/rs-progress>\n\t\t\t\t<\/rs-module>\n\t\t\t\t<script type=\"text\/javascript\">\n\t\t\t\t\tsetREVStartSize({c: 'rev_slider_5_1',rl:[1240,1024,768,480],el:[],gw:[1240],gh:[500],layout:'fullwidth',mh:\"0\"});\n\t\t\t\t\tvar\trevapi5,\n\t\t\t\t\t\ttpj;\n\t\t\t\t\tjQuery(function() {\n\t\t\t\t\t\ttpj = jQuery;\n\t\t\t\t\t\tif(tpj(\"#rev_slider_5_1\").revolution == undefined){\n\t\t\t\t\t\t\trevslider_showDoubleJqueryError(\"#rev_slider_5_1\");\n\t\t\t\t\t\t}else{\n\t\t\t\t\t\t\trevapi5 = tpj(\"#rev_slider_5_1\").show().revolution({\n\t\t\t\t\t\t\t\tsliderType:\"hero\",\n\t\t\t\t\t\t\t\tjsFileLocation:\"\/\/www.cultiudaqui.cat\/wp-content\/plugins\/revslider\/public\/assets\/js\/\",\n\t\t\t\t\t\t\t\tvisibilityLevels:\"1240,1024,768,480\",\n\t\t\t\t\t\t\t\tgridwidth:1240,\n\t\t\t\t\t\t\t\tgridheight:500,\n\t\t\t\t\t\t\t\tminHeight:\"\",\n\t\t\t\t\t\t\t\tspinner:\"spinner0\",\n\t\t\t\t\t\t\t\tresponsiveLevels:\"1240,1024,768,480\",\n\t\t\t\t\t\t\t\tdisableProgressBar:\"on\",\n\t\t\t\t\t\t\t\tnavigation: {\n\t\t\t\t\t\t\t\t\tonHoverStop:false\n\t\t\t\t\t\t\t\t},\n\t\t\t\t\t\t\t\tfallbacks: {\n\t\t\t\t\t\t\t\t\tallowHTML5AutoPlayOnAndroid:true\n\t\t\t\t\t\t\t\t},\n\t\t\t\t\t\t\t});\n\t\t\t\t\t\t}\n\t\t\t\t\t\t\n\t\t\t\t\t});\n\t\t\t\t<\/script>\n\t\t\t<\/rs-module-wrap>\n\t\t\t<!-- END REVOLUTION SLIDER -->\n[\/vc_column_text][\/vc_column][\/vc_row]<\/p>\n<\/div>","protected":false},"excerpt":{"rendered":"<p>[vc_row 0=\u00bb\u00bb][vc_column 0=\u00bb\u00bb][vc_custom_heading text=\u00bbLa marca\u00bb css=\u00bb.vc_custom_1511873400038{padding-left: 35px !important;background-color: #e30613 !important;}\u00bb][\/vc_column][\/vc_row][vc_row css=\u00bb.vc_custom_1511876109321{padding-top: 40px !important;}\u00bb][vc_column width=\u00bb1\/2&#8243;][vc_empty_space height=\u00bb25px\u00bb][vc_column_text]CULTIU D\u2019AQU\u00cd nace en 2017 como un identificador de producto local, de proximidad, y como distintivo de calidad, para poner en valor las flores y plantas cultivadas en Catalunya. Despu\u00e9s de a\u00f1os en permanente lucha por la presi\u00f3n urban\u00edstica que supone cultivar unas tierras que, en [&hellip;]<\/p>\n","protected":false},"author":1,"featured_media":0,"parent":0,"menu_order":0,"comment_status":"closed","ping_status":"closed","template":"","meta":{"footnotes":""},"class_list":["post-3066","page","type-page","status-publish","hentry"],"_links":{"self":[{"href":"https:\/\/www.cultiudaqui.cat\/es\/wp-json\/wp\/v2\/pages\/3066","targetHints":{"allow":["GET"]}}],"collection":[{"href":"https:\/\/www.cultiudaqui.cat\/es\/wp-json\/wp\/v2\/pages"}],"about":[{"href":"https:\/\/www.cultiudaqui.cat\/es\/wp-json\/wp\/v2\/types\/page"}],"author":[{"embeddable":true,"href":"https:\/\/www.cultiudaqui.cat\/es\/wp-json\/wp\/v2\/users\/1"}],"replies":[{"embeddable":true,"href":"https:\/\/www.cultiudaqui.cat\/es\/wp-json\/wp\/v2\/comments?post=3066"}],"version-history":[{"count":3,"href":"https:\/\/www.cultiudaqui.cat\/es\/wp-json\/wp\/v2\/pages\/3066\/revisions"}],"predecessor-version":[{"id":3069,"href":"https:\/\/www.cultiudaqui.cat\/es\/wp-json\/wp\/v2\/pages\/3066\/revisions\/3069"}],"wp:attachment":[{"href":"https:\/\/www.cultiudaqui.cat\/es\/wp-json\/wp\/v2\/media?parent=3066"}],"curies":[{"name":"wp","href":"https:\/\/api.w.org\/{rel}","templated":true}]}}